{"id":7389,"date":"2024-03-31T04:28:20","date_gmt":"2024-03-31T04:28:20","guid":{"rendered":"https:\/\/nbeasyway.com\/products\/heavy-duty-pvc-flexible-curtain-curved-track-curtain-rail-white-pvc-curtain-rail-for-window\/"},"modified":"2024-03-31T04:28:21","modified_gmt":"2024-03-31T04:28:21","slug":"heavy-duty-pvc-flexible-curtain-curved-track-curtain-rail-white-pvc-curtain-rail-for-window","status":"publish","type":"product","link":"https:\/\/nbeasyway.com\/vi\/product\/heavy-duty-pvc-flexible-curtain-curved-track-curtain-rail-white-pvc-curtain-rail-for-window\/","title":{"rendered":"r\u00e8m c\u1eeda s\u1ed5 u\u1ed1n cong b\u1eb1ng nh\u1ef1a PVC ch\u1ecbu l\u1ef1c n\u1eb7ng thanh ray r\u00e8m c\u1eeda m\u00e0u tr\u1eafng b\u1eb1ng nh\u1ef1a PVC"},"content":{"rendered":"<div class=\"product-key-attributes\">\n<h3>Nh\u1eefng \u0111i\u1ec3m ch\u00ednh<\/h3>\n<h4>Thu\u1ed9c t\u00ednh c\u1ee5 th\u1ec3 c\u1ee7a ng\u00e0nh<\/h4>\n<ul>\n<li><label>Phong c\u00e1ch thi\u1ebft k\u1ebf<\/label>\n<div>Hi\u1ec7n \u0111\u1ea1i<\/div>\n<\/li>\n<\/ul>\n<h4>C\u00e1c thu\u1ed9c t\u00ednh kh\u00e1c<\/h4>\n<ul>\n<li><label>Ngu\u1ed3n g\u1ed1c<\/label>\n<div>Trung Qu\u1ed1c<\/div>\n<\/li>\n<li><label>Ki\u1ec3u<\/label>\n<div>\u0110\u01a1n<\/div>\n<\/li>\n<li><label>T\u00ean th\u01b0\u01a1ng hi\u1ec7u<\/label>\n<div>OEM<\/div>\n<\/li>\n<li><label>S\u1ed1 m\u00f4 h\u00ecnh<\/label>\n<div>RE-S050<\/div>\n<\/li>\n<li><label>Lo\u1ea1i c\u1ed9t r\u00e8m, \u0111\u01b0\u1eddng ray &amp; ph\u1ee5 ki\u1ec7n<\/label>\n<div>\u0110\u01b0\u1eddng ray r\u00e8m<\/div>\n<\/li>\n<li><label>V\u1eadt li\u1ec7u<\/label>\n<div>PVC, iron<\/div>\n<\/li>\n<li><label>Ki\u1ec3u<\/label>\n<div>C\u1ed9t r\u00e8m, \u0111\u01b0\u1eddng ray &amp; ph\u1ee5 ki\u1ec7n<\/div>\n<\/li>\n<li><label>M\u00e0u s\u1eafc<\/label>\n<div>tr\u1eafng<\/div>\n<\/li>\n<li><label>K\u00edch c\u1ee1<\/label>\n<div>t\u00f9y ch\u1ec9nh<\/div>\n<\/li>\n<li><label>S\u1eed d\u1ee5ng chung<\/label>\n<div>R\u00e8m c\u1eeda s\u1ed5 trang tr\u00ed nh\u00e0 c\u1eeda<\/div>\n<\/li>\n<li><label>t\u00ean s\u1ea3n ph\u1ea9m<\/label>\n<div>Window Curtain Rail<\/div>\n<\/li>\n<li><label>C\u00e1ch s\u1eed d\u1ee5ng<\/label>\n<div>R\u00e8m c\u1eeda s\u1ed5 trang tr\u00ed nh\u00e0 c\u1eeda<\/div>\n<\/li>\n<li><label>T\u00ednh n\u0103ng<\/label>\n<div>Easy Installation<\/div>\n<\/li>\n<li><label>Phong c\u00e1ch<\/label>\n<div>Modern Window Hardware<\/div>\n<\/li>\n<li><label>Ch\u1ee9c n\u0103ng<\/label>\n<div>Easily Slide<\/div>\n<\/li>\n<li><label>L\u1ee3i th\u1ebf<\/label>\n<div>Long Service Time<\/div>\n<\/li>\n<\/ul>\n<h4>\u0110\u00f3ng g\u00f3i v\u00e0 giao h\u00e0ng<\/h4>\n<ul>\n<li><label>chi ti\u1ebft \u0111\u00f3ng g\u00f3i<\/label>\n<div>1.Track packing: Each curtain track in a plastic bag, 20pcs\/bundle with woven outside.<br \/>\n<br \/>2.Accessories in canton&quot;<\/div>\n<\/li>\n<li><label>H\u1ea3i c\u1ea3ng<\/label>\n<div>Ninh Ba\/Th\u01b0\u1ee3ng H\u1ea3i<\/div>\n<\/li>\n<\/ul>\n<h4>Kh\u1ea3 n\u0103ng cung c\u1ea5p<\/h4>\n<ul>\n<li><label>Kh\u1ea3 n\u0103ng cung c\u1ea5p<\/label>\n<div>100000 Meter\/Meters per   Month<\/div>\n<\/li>\n<\/ul>\n<\/div>\n<div class=\"product-customization\">\n<h3>T\u00f9y ch\u1ec9nh<\/h3>\n<div>\n<div>\n<p>K\u00edch c\u1ee1<\/p>\n<p><label>T\u1ed1i thi\u1ec3u. \u0111\u1eb7t h\u00e0ng:<\/label>250<\/p>\n<\/div>\n<\/div>\n<\/div>\n<p><div data-magic-global=\"%7B%22bizId%22%3A3210435406%2C%22pageId%22%3A21236408525%2C%22siteId%22%3A5005373107%7D\" id=\"detail_decorate_root\"><br \/>\n      <div module-id=\"33675377654\" module-title=\"detailSingleImage\" render=\"true\" class=\"J_module\"><div class=\"icbu-pc-images magic-0\"><div><div class=\"flex-layout-v\"><div class=\"flex-layout-h magic-0\"><div class=\"magic-1\"><img src=\"https:\/\/nbeasyway.com\/wp-content\/uploads\/aliexpress\/h5175047b0a0e4ad7a22e9513ef1a33acm.jpg\" usemap=\"#9-8e-807-b025\" class=\"magic-2\"\/><\/div><\/div><\/div><\/div><\/div><\/div><\/p>\n<p>      <div module-id=\"33675377655\" module-title=\"detailProductNavigation\" render=\"true\" class=\"J_module\"><div id=\"ali-anchor-AliMagic-6jl8z6\" data-section=\"AliMagic-6jl8z6\" data-section-title=\"Products Description\" class=\"magic-3\">M\u00f4 t\u1ea3 s\u1ea3n ph\u1ea9m<\/div><\/div><\/p>\n<p>      <div module-id=\"33675377656\" module-title=\"detailTableNoTitle\" render=\"true\" class=\"J_module\"><div class=\"ife-detail-decorate-table\"><table class=\"all magic-4\"><tbody><tr><td colspan=\"1\" rowspan=\"1\"><div class=\"magic-5\"> V\u1eadt li\u1ec7u<\/div><\/td><td colspan=\"1\" rowspan=\"1\"><div class=\"magic-6\"> PVC, iron<\/div><\/td><\/tr><tr><td colspan=\"1\" rowspan=\"1\"><div class=\"magic-5\"> K\u00edch c\u1ee1<\/div><\/td><td colspan=\"1\" rowspan=\"1\"><div class=\"magic-6\"> t\u00f9y ch\u1ec9nh<\/div><\/td><\/tr><tr><td colspan=\"1\" rowspan=\"1\"><div class=\"magic-5\"> S\u1eed d\u1ee5ng chung<\/div><\/td><td colspan=\"1\" rowspan=\"1\"><div class=\"magic-6\"> V\u0103n ph\u00f2ng, nh\u00e0, kh\u00e1ch s\u1ea1n, b\u1ec7nh vi\u1ec7n, nh\u00e0 h\u00e0ng<\/div><\/td><\/tr><tr><td colspan=\"1\" rowspan=\"1\"><div class=\"magic-5\"> \u0111\u00f3ng g\u00f3i<\/div><\/td><td colspan=\"1\" rowspan=\"1\"><div class=\"magic-6\"> 1.Track packing: Each curtain track in a plastic bag, 20pcs\/bundle with woven outside.<br\/>2.Accessories in canton<\/div><\/td><\/tr><tr><td colspan=\"1\" rowspan=\"1\"><div class=\"magic-5\"> Th\u1eddi gian giao h\u00e0ng<\/div><\/td><td colspan=\"1\" rowspan=\"1\"><div class=\"magic-6\"> 15-30days<\/div><\/td><\/tr><\/tbody><\/table><\/div><\/div><\/p>\n<p>      <div module-id=\"33675377657\" module-title=\"detailManyImage\" render=\"true\" class=\"J_module\"><div class=\"icbu-pc-detailManyImage magic-7\"><div class=\"magic-8\"><img src=\"https:\/\/nbeasyway.com\/wp-content\/uploads\/aliexpress\/h87ef815ec3314fe4adbcddf8f366b5d1v.jpg\" class=\"magic-9\"\/><\/div><div class=\"magic-8\"><img src=\"https:\/\/nbeasyway.com\/wp-content\/uploads\/aliexpress\/h333e4b6ae9f14626a4448bdb2894102fp.jpg\" class=\"magic-9\"\/><\/div><div class=\"magic-8\"><img src=\"https:\/\/nbeasyway.com\/wp-content\/uploads\/aliexpress\/h1960e52af07f4c6c8bcff37b025a9ffbm.jpg\" class=\"magic-9\"\/><\/div><div class=\"magic-8\"><img src=\"https:\/\/nbeasyway.com\/wp-content\/uploads\/aliexpress\/h4dd0e20509034855a2999a6426c2814bi.jpg\" class=\"magic-9\"\/><\/div><\/div><\/div><\/p>\n<p>      <div module-id=\"33675377658\" module-title=\"detailSingleImage\" render=\"true\" class=\"J_module\"><div class=\"icbu-pc-images magic-0\"><div><div class=\"flex-layout-v\"><div class=\"flex-layout-h magic-0\"><div class=\"magic-10\"><img src=\"https:\/\/nbeasyway.com\/wp-content\/uploads\/aliexpress\/hea1474d1449e48738f187618f545d275w.jpg\" class=\"magic-11\"\/><\/div><\/div><\/div><\/div><\/div><\/div><\/p>\n<p>      <div module-id=\"33675377659\" module-title=\"detailSingleImage\" render=\"true\" class=\"J_module\"><div class=\"icbu-pc-images magic-0\"><div><div class=\"flex-layout-v\"><div class=\"flex-layout-h magic-0\"><div class=\"magic-12\"><img src=\"https:\/\/nbeasyway.com\/wp-content\/uploads\/aliexpress\/h7980e415ddab43d7918a50f6d1e84b88s.jpg\" class=\"magic-13\"\/><\/div><\/div><\/div><\/div><\/div><\/div><\/p>\n<p><\/DIV><\/p>","protected":false},"excerpt":{"rendered":"<p>Key attributes Industry-specific attributes Design Style Modern Other attributes Place of Origin China Type Single Brand Name OEM Model Number RE-S050 Curtain Poles, Tracks &#038; Accessories Type Curtain Tracks Material PVC, iron Type Curtain Poles, Tracks &#038; Accessories Color white Size Customized General Use Window curtains home decoration Product Name Window Curtain Rail Usage Window Curtain Home Decoration Feature Easy Installation Style Modern Window Hardware Function Easily Slide Advantage Long Service Time Packaging and delivery Packaging Details 1.Track packing: Each curtain track in a plastic bag, 20pcs\/bundle with woven outside. 2.Accessories in canton&quot; Port NINGBO\/ SHANGHAI Supply Ability Supply Ability 100000 Meter\/Meters per Month Customization Size Min. order:250 Products Description Material PVC, iron Size Customized General Use Office, home,hotel,hospital,restaurant Packing 1.Track packing: Each curtain track in a plastic bag, 20pcs\/bundle with woven outside.2.Accessories in canton Delivery time 15-30days<\/p>","protected":false},"featured_media":3013,"template":"","meta":{"site-sidebar-layout":"default","site-content-layout":"","ast-site-content-layout":"","site-content-style":"default","site-sidebar-style":"default","ast-global-header-display":"","ast-banner-title-visibility":"","ast-main-header-display":"","ast-hfb-above-header-display":"","ast-hfb-below-header-display":"","ast-hfb-mobile-header-display":"","site-post-title":"","ast-breadcrumbs-content":"","ast-featured-img":"","footer-sml-layout":"","theme-transparent-header-meta":"","adv-header-id-meta":"","stick-header-meta":"","header-above-stick-meta":"","header-main-stick-meta":"","header-below-stick-meta":"","astra-migrate-meta-layouts":"default","ast-page-background-enabled":"default","ast-page-background-meta":{"desktop":{"background-color":"","background-image":"","background-repeat":"repeat","background-position":"center center","background-size":"auto","background-attachment":"scroll","background-type":"","background-media":"","overlay-type":"","overlay-color":"","overlay-opacity":"","overlay-gradient":""},"tablet":{"background-color":"","background-image":"","background-repeat":"repeat","background-position":"center center","background-size":"auto","background-attachment":"scroll","background-type":"","background-media":"","overlay-type":"","overlay-color":"","overlay-opacity":"","overlay-gradient":""},"mobile":{"background-color":"","background-image":"","background-repeat":"repeat","background-position":"center center","background-size":"auto","background-attachment":"scroll","background-type":"","background-media":"","overlay-type":"","overlay-color":"","overlay-opacity":"","overlay-gradient":""}},"ast-content-background-meta":{"desktop":{"background-color":"var(--ast-global-color-5)","background-image":"","background-repeat":"repeat","background-position":"center center","background-size":"auto","background-attachment":"scroll","background-type":"","background-media":"","overlay-type":"","overlay-color":"","overlay-opacity":"","overlay-gradient":""},"tablet":{"background-color":"var(--ast-global-color-5)","background-image":"","background-repeat":"repeat","background-position":"center center","background-size":"auto","background-attachment":"scroll","background-type":"","background-media":"","overlay-type":"","overlay-color":"","overlay-opacity":"","overlay-gradient":""},"mobile":{"background-color":"var(--ast-global-color-5)","background-image":"","background-repeat":"repeat","background-position":"center center","background-size":"auto","background-attachment":"scroll","background-type":"","background-media":"","overlay-type":"","overlay-color":"","overlay-opacity":"","overlay-gradient":""}}},"product_brand":[],"product_cat":[80],"product_tag":[],"class_list":{"0":"post-7389","1":"product","2":"type-product","3":"status-publish","4":"has-post-thumbnail","6":"product_cat-aliminium-rail-series","7":"desktop-align-left","8":"tablet-align-left","9":"mobile-align-left","11":"first","12":"instock","13":"shipping-taxable","14":"product-type-simple"},"yoast_head":"<!-- This site is optimized with the Yoast SEO plugin v26.1.1 - https:\/\/yoast.com\/wordpress\/plugins\/seo\/ -->\n<title>heavy duty Pvc flexible curtain curved track curtain rail white pvc curtain rail for window - EasyWay<\/title>\n<meta name=\"robots\" content=\"index, follow, max-snippet:-1, max-image-preview:large, max-video-preview:-1\" \/>\n<link rel=\"canonical\" href=\"https:\/\/nbeasyway.com\/vi\/san-pham\/heavy-duty-pvc-flexible-curtain-curved-track-curtain-rail-white-pvc-curtain-rail-for-window\/\" \/>\n<meta property=\"og:locale\" content=\"vi_VN\" \/>\n<meta property=\"og:type\" content=\"article\" \/>\n<meta property=\"og:title\" content=\"heavy duty Pvc flexible curtain curved track curtain rail white pvc curtain rail for window - EasyWay\" \/>\n<meta property=\"og:description\" content=\"Key attributes Industry-specific attributes Design Style Modern Other attributes Place of Origin China Type Single Brand Name OEM Model Number RE-S050 Curtain Poles, Tracks &#038; Accessories Type Curtain Tracks Material PVC, iron Type Curtain Poles, Tracks &#038; Accessories Color white Size Customized General Use Window curtains home decoration Product Name Window Curtain Rail Usage Window Curtain Home Decoration Feature Easy Installation Style Modern Window Hardware Function Easily Slide Advantage Long Service Time Packaging and delivery Packaging Details 1.Track packing: Each curtain track in a plastic bag, 20pcs\/bundle with woven outside. 2.Accessories in canton&quot; Port NINGBO\/ SHANGHAI Supply Ability Supply Ability 100000 Meter\/Meters per Month Customization Size Min. order:250 Products Description Material PVC, iron Size Customized General Use Office, home,hotel,hospital,restaurant Packing 1.Track packing: Each curtain track in a plastic bag, 20pcs\/bundle with woven outside.2.Accessories in canton Delivery time 15-30days\" \/>\n<meta property=\"og:url\" content=\"https:\/\/nbeasyway.com\/vi\/san-pham\/heavy-duty-pvc-flexible-curtain-curved-track-curtain-rail-white-pvc-curtain-rail-for-window\/\" \/>\n<meta property=\"og:site_name\" content=\"EasyWay\" \/>\n<meta property=\"article:modified_time\" content=\"2024-03-31T04:28:21+00:00\" \/>\n<meta property=\"og:image\" content=\"https:\/\/nbeasyway.com\/wp-content\/uploads\/aliexpress\/h1960e52af07f4c6c8bcff37b025a9ffbm.jpg\" \/>\n\t<meta property=\"og:image:width\" content=\"750\" \/>\n\t<meta property=\"og:image:height\" content=\"750\" \/>\n\t<meta property=\"og:image:type\" content=\"image\/jpeg\" \/>\n<meta name=\"twitter:card\" content=\"summary_large_image\" \/>\n<meta name=\"twitter:label1\" content=\"\u01af\u1edbc t\u00ednh th\u1eddi gian \u0111\u1ecdc\" \/>\n\t<meta name=\"twitter:data1\" content=\"1 ph\u00fat\" \/>\n<script type=\"application\/ld+json\" class=\"yoast-schema-graph\">{\"@context\":\"https:\/\/schema.org\",\"@graph\":[{\"@type\":\"WebPage\",\"@id\":\"https:\/\/nbeasyway.com\/product\/heavy-duty-pvc-flexible-curtain-curved-track-curtain-rail-white-pvc-curtain-rail-for-window\/\",\"url\":\"https:\/\/nbeasyway.com\/product\/heavy-duty-pvc-flexible-curtain-curved-track-curtain-rail-white-pvc-curtain-rail-for-window\/\",\"name\":\"heavy duty Pvc flexible curtain curved track curtain rail white pvc curtain rail for window - EasyWay\",\"isPartOf\":{\"@id\":\"https:\/\/nbeasyway.com\/#website\"},\"primaryImageOfPage\":{\"@id\":\"https:\/\/nbeasyway.com\/product\/heavy-duty-pvc-flexible-curtain-curved-track-curtain-rail-white-pvc-curtain-rail-for-window\/#primaryimage\"},\"image\":{\"@id\":\"https:\/\/nbeasyway.com\/product\/heavy-duty-pvc-flexible-curtain-curved-track-curtain-rail-white-pvc-curtain-rail-for-window\/#primaryimage\"},\"thumbnailUrl\":\"https:\/\/nbeasyway.com\/wp-content\/uploads\/aliexpress\/h1960e52af07f4c6c8bcff37b025a9ffbm.jpg\",\"datePublished\":\"2024-03-31T04:28:20+00:00\",\"dateModified\":\"2024-03-31T04:28:21+00:00\",\"breadcrumb\":{\"@id\":\"https:\/\/nbeasyway.com\/product\/heavy-duty-pvc-flexible-curtain-curved-track-curtain-rail-white-pvc-curtain-rail-for-window\/#breadcrumb\"},\"inLanguage\":\"vi\",\"potentialAction\":[{\"@type\":\"ReadAction\",\"target\":[\"https:\/\/nbeasyway.com\/product\/heavy-duty-pvc-flexible-curtain-curved-track-curtain-rail-white-pvc-curtain-rail-for-window\/\"]}]},{\"@type\":\"ImageObject\",\"inLanguage\":\"vi\",\"@id\":\"https:\/\/nbeasyway.com\/product\/heavy-duty-pvc-flexible-curtain-curved-track-curtain-rail-white-pvc-curtain-rail-for-window\/#primaryimage\",\"url\":\"https:\/\/nbeasyway.com\/wp-content\/uploads\/aliexpress\/h1960e52af07f4c6c8bcff37b025a9ffbm.jpg\",\"contentUrl\":\"https:\/\/nbeasyway.com\/wp-content\/uploads\/aliexpress\/h1960e52af07f4c6c8bcff37b025a9ffbm.jpg\",\"width\":750,\"height\":750},{\"@type\":\"BreadcrumbList\",\"@id\":\"https:\/\/nbeasyway.com\/product\/heavy-duty-pvc-flexible-curtain-curved-track-curtain-rail-white-pvc-curtain-rail-for-window\/#breadcrumb\",\"itemListElement\":[{\"@type\":\"ListItem\",\"position\":1,\"name\":\"Home\",\"item\":\"https:\/\/nbeasyway.com\/\"},{\"@type\":\"ListItem\",\"position\":2,\"name\":\"Products\",\"item\":\"https:\/\/nbeasyway.com\/products\/\"},{\"@type\":\"ListItem\",\"position\":3,\"name\":\"heavy duty Pvc flexible curtain curved track curtain rail white pvc curtain rail for window\"}]},{\"@type\":\"WebSite\",\"@id\":\"https:\/\/nbeasyway.com\/#website\",\"url\":\"https:\/\/nbeasyway.com\/\",\"name\":\"Q.G.S\",\"description\":\"Ningbo Easyway Import And Export Co., Ltd.\",\"publisher\":{\"@id\":\"https:\/\/nbeasyway.com\/#organization\"},\"potentialAction\":[{\"@type\":\"SearchAction\",\"target\":{\"@type\":\"EntryPoint\",\"urlTemplate\":\"https:\/\/nbeasyway.com\/?s={search_term_string}\"},\"query-input\":{\"@type\":\"PropertyValueSpecification\",\"valueRequired\":true,\"valueName\":\"search_term_string\"}}],\"inLanguage\":\"vi\"},{\"@type\":\"Organization\",\"@id\":\"https:\/\/nbeasyway.com\/#organization\",\"name\":\"Q.G.S\",\"url\":\"https:\/\/nbeasyway.com\/\",\"logo\":{\"@type\":\"ImageObject\",\"inLanguage\":\"vi\",\"@id\":\"https:\/\/nbeasyway.com\/#\/schema\/logo\/image\/\",\"url\":\"https:\/\/nbeasyway.com\/wp-content\/uploads\/2024\/03\/logo-electric-tools.png\",\"contentUrl\":\"https:\/\/nbeasyway.com\/wp-content\/uploads\/2024\/03\/logo-electric-tools.png\",\"width\":11090,\"height\":2459,\"caption\":\"Q.G.S\"},\"image\":{\"@id\":\"https:\/\/nbeasyway.com\/#\/schema\/logo\/image\/\"}}]}<\/script>\n<!-- \/ Yoast SEO plugin. -->","yoast_head_json":{"title":"heavy duty Pvc flexible curtain curved track curtain rail white pvc curtain rail for window - EasyWay","robots":{"index":"index","follow":"follow","max-snippet":"max-snippet:-1","max-image-preview":"max-image-preview:large","max-video-preview":"max-video-preview:-1"},"canonical":"https:\/\/nbeasyway.com\/vi\/san-pham\/heavy-duty-pvc-flexible-curtain-curved-track-curtain-rail-white-pvc-curtain-rail-for-window\/","og_locale":"vi_VN","og_type":"article","og_title":"heavy duty Pvc flexible curtain curved track curtain rail white pvc curtain rail for window - EasyWay","og_description":"Key attributes Industry-specific attributes Design Style Modern Other attributes Place of Origin China Type Single Brand Name OEM Model Number RE-S050 Curtain Poles, Tracks &#038; Accessories Type Curtain Tracks Material PVC, iron Type Curtain Poles, Tracks &#038; Accessories Color white Size Customized General Use Window curtains home decoration Product Name Window Curtain Rail Usage Window Curtain Home Decoration Feature Easy Installation Style Modern Window Hardware Function Easily Slide Advantage Long Service Time Packaging and delivery Packaging Details 1.Track packing: Each curtain track in a plastic bag, 20pcs\/bundle with woven outside. 2.Accessories in canton&quot; Port NINGBO\/ SHANGHAI Supply Ability Supply Ability 100000 Meter\/Meters per Month Customization Size Min. order:250 Products Description Material PVC, iron Size Customized General Use Office, home,hotel,hospital,restaurant Packing 1.Track packing: Each curtain track in a plastic bag, 20pcs\/bundle with woven outside.2.Accessories in canton Delivery time 15-30days","og_url":"https:\/\/nbeasyway.com\/vi\/san-pham\/heavy-duty-pvc-flexible-curtain-curved-track-curtain-rail-white-pvc-curtain-rail-for-window\/","og_site_name":"EasyWay","article_modified_time":"2024-03-31T04:28:21+00:00","og_image":[{"width":750,"height":750,"url":"https:\/\/nbeasyway.com\/wp-content\/uploads\/aliexpress\/h1960e52af07f4c6c8bcff37b025a9ffbm.jpg","type":"image\/jpeg"}],"twitter_card":"summary_large_image","twitter_misc":{"\u01af\u1edbc t\u00ednh th\u1eddi gian \u0111\u1ecdc":"1 ph\u00fat"},"schema":{"@context":"https:\/\/schema.org","@graph":[{"@type":"WebPage","@id":"https:\/\/nbeasyway.com\/product\/heavy-duty-pvc-flexible-curtain-curved-track-curtain-rail-white-pvc-curtain-rail-for-window\/","url":"https:\/\/nbeasyway.com\/product\/heavy-duty-pvc-flexible-curtain-curved-track-curtain-rail-white-pvc-curtain-rail-for-window\/","name":"heavy duty Pvc flexible curtain curved track curtain rail white pvc curtain rail for window - EasyWay","isPartOf":{"@id":"https:\/\/nbeasyway.com\/#website"},"primaryImageOfPage":{"@id":"https:\/\/nbeasyway.com\/product\/heavy-duty-pvc-flexible-curtain-curved-track-curtain-rail-white-pvc-curtain-rail-for-window\/#primaryimage"},"image":{"@id":"https:\/\/nbeasyway.com\/product\/heavy-duty-pvc-flexible-curtain-curved-track-curtain-rail-white-pvc-curtain-rail-for-window\/#primaryimage"},"thumbnailUrl":"https:\/\/nbeasyway.com\/wp-content\/uploads\/aliexpress\/h1960e52af07f4c6c8bcff37b025a9ffbm.jpg","datePublished":"2024-03-31T04:28:20+00:00","dateModified":"2024-03-31T04:28:21+00:00","breadcrumb":{"@id":"https:\/\/nbeasyway.com\/product\/heavy-duty-pvc-flexible-curtain-curved-track-curtain-rail-white-pvc-curtain-rail-for-window\/#breadcrumb"},"inLanguage":"vi","potentialAction":[{"@type":"ReadAction","target":["https:\/\/nbeasyway.com\/product\/heavy-duty-pvc-flexible-curtain-curved-track-curtain-rail-white-pvc-curtain-rail-for-window\/"]}]},{"@type":"ImageObject","inLanguage":"vi","@id":"https:\/\/nbeasyway.com\/product\/heavy-duty-pvc-flexible-curtain-curved-track-curtain-rail-white-pvc-curtain-rail-for-window\/#primaryimage","url":"https:\/\/nbeasyway.com\/wp-content\/uploads\/aliexpress\/h1960e52af07f4c6c8bcff37b025a9ffbm.jpg","contentUrl":"https:\/\/nbeasyway.com\/wp-content\/uploads\/aliexpress\/h1960e52af07f4c6c8bcff37b025a9ffbm.jpg","width":750,"height":750},{"@type":"BreadcrumbList","@id":"https:\/\/nbeasyway.com\/product\/heavy-duty-pvc-flexible-curtain-curved-track-curtain-rail-white-pvc-curtain-rail-for-window\/#breadcrumb","itemListElement":[{"@type":"ListItem","position":1,"name":"Home","item":"https:\/\/nbeasyway.com\/"},{"@type":"ListItem","position":2,"name":"Products","item":"https:\/\/nbeasyway.com\/products\/"},{"@type":"ListItem","position":3,"name":"heavy duty Pvc flexible curtain curved track curtain rail white pvc curtain rail for window"}]},{"@type":"WebSite","@id":"https:\/\/nbeasyway.com\/#website","url":"https:\/\/nbeasyway.com\/","name":"Q.G.S","description":"Ningbo Easyway Import And Export Co., Ltd.","publisher":{"@id":"https:\/\/nbeasyway.com\/#organization"},"potentialAction":[{"@type":"SearchAction","target":{"@type":"EntryPoint","urlTemplate":"https:\/\/nbeasyway.com\/?s={search_term_string}"},"query-input":{"@type":"PropertyValueSpecification","valueRequired":true,"valueName":"search_term_string"}}],"inLanguage":"vi"},{"@type":"Organization","@id":"https:\/\/nbeasyway.com\/#organization","name":"Q.G.S","url":"https:\/\/nbeasyway.com\/","logo":{"@type":"ImageObject","inLanguage":"vi","@id":"https:\/\/nbeasyway.com\/#\/schema\/logo\/image\/","url":"https:\/\/nbeasyway.com\/wp-content\/uploads\/2024\/03\/logo-electric-tools.png","contentUrl":"https:\/\/nbeasyway.com\/wp-content\/uploads\/2024\/03\/logo-electric-tools.png","width":11090,"height":2459,"caption":"Q.G.S"},"image":{"@id":"https:\/\/nbeasyway.com\/#\/schema\/logo\/image\/"}}]}},"_links":{"self":[{"href":"https:\/\/nbeasyway.com\/vi\/wp-json\/wp\/v2\/product\/7389","targetHints":{"allow":["GET"]}}],"collection":[{"href":"https:\/\/nbeasyway.com\/vi\/wp-json\/wp\/v2\/product"}],"about":[{"href":"https:\/\/nbeasyway.com\/vi\/wp-json\/wp\/v2\/types\/product"}],"wp:featuredmedia":[{"embeddable":true,"href":"https:\/\/nbeasyway.com\/vi\/wp-json\/wp\/v2\/media\/3013"}],"wp:attachment":[{"href":"https:\/\/nbeasyway.com\/vi\/wp-json\/wp\/v2\/media?parent=7389"}],"wp:term":[{"taxonomy":"product_brand","embeddable":true,"href":"https:\/\/nbeasyway.com\/vi\/wp-json\/wp\/v2\/product_brand?post=7389"},{"taxonomy":"product_cat","embeddable":true,"href":"https:\/\/nbeasyway.com\/vi\/wp-json\/wp\/v2\/product_cat?post=7389"},{"taxonomy":"product_tag","embeddable":true,"href":"https:\/\/nbeasyway.com\/vi\/wp-json\/wp\/v2\/product_tag?post=7389"}],"curies":[{"name":"wp","href":"https:\/\/api.w.org\/{rel}","templated":true}]}}