{"id":6811,"date":"2024-03-31T03:47:56","date_gmt":"2024-03-31T03:47:56","guid":{"rendered":"https:\/\/nbeasyway.com\/products\/high-quality-wooden-color-thin-curtain-aluminum-rail-flexible-curtain-rail-curtain-track\/"},"modified":"2024-03-31T03:47:57","modified_gmt":"2024-03-31T03:47:57","slug":"high-quality-wooden-color-thin-curtain-aluminum-rail-flexible-curtain-rail-curtain-track","status":"publish","type":"product","link":"https:\/\/nbeasyway.com\/vi\/product\/high-quality-wooden-color-thin-curtain-aluminum-rail-flexible-curtain-rail-curtain-track\/","title":{"rendered":"High quality wooden color thin curtain aluminum rail flexible curtain rail curtain track"},"content":{"rendered":"<div class=\"product-key-attributes\">\n<h3>Nh\u1eefng \u0111i\u1ec3m ch\u00ednh<\/h3>\n<h4>Thu\u1ed9c t\u00ednh c\u1ee5 th\u1ec3 c\u1ee7a ng\u00e0nh<\/h4>\n<ul>\n<li><label>Phong c\u00e1ch thi\u1ebft k\u1ebf<\/label>\n<div>Hi\u1ec7n \u0111\u1ea1i<\/div>\n<\/li>\n<\/ul>\n<h4>C\u00e1c thu\u1ed9c t\u00ednh kh\u00e1c<\/h4>\n<ul>\n<li><label>Ngu\u1ed3n g\u1ed1c<\/label>\n<div>Chi\u1ebft Giang, Trung Qu\u1ed1c<\/div>\n<\/li>\n<li><label>Ki\u1ec3u<\/label>\n<div>\u0110\u01a1n<\/div>\n<\/li>\n<li><label>T\u00ean th\u01b0\u01a1ng hi\u1ec7u<\/label>\n<div>bending curtain track<\/div>\n<\/li>\n<li><label>S\u1ed1 m\u00f4 h\u00ecnh<\/label>\n<div>Curtain track<\/div>\n<\/li>\n<li><label>Lo\u1ea1i c\u1ed9t r\u00e8m, \u0111\u01b0\u1eddng ray &amp; ph\u1ee5 ki\u1ec7n<\/label>\n<div>\u0110\u01b0\u1eddng ray r\u00e8m<\/div>\n<\/li>\n<li><label>V\u1eadt li\u1ec7u<\/label>\n<div>Kim lo\u1ea1i<\/div>\n<\/li>\n<li><label>Ki\u1ec3u<\/label>\n<div>C\u1ed9t r\u00e8m, \u0111\u01b0\u1eddng ray &amp; ph\u1ee5 ki\u1ec7n<\/div>\n<\/li>\n<li><label>T\u00ean<\/label>\n<div>aluminum curtain rail<\/div>\n<\/li>\n<li><label>M\u00e0u s\u1eafc<\/label>\n<div>bronze\/ cooper\/ white or as required<\/div>\n<\/li>\n<li><label>V\u1eadt li\u1ec7u<\/label>\n<div>aluminum<\/div>\n<\/li>\n<li><label>S\u1eed d\u1ee5ng chung<\/label>\n<div>window curtains home decoration<\/div>\n<\/li>\n<li><label>C\u00e1ch s\u1eed d\u1ee5ng<\/label>\n<div>R\u00e8m c\u1eeda s\u1ed5 trang tr\u00ed nh\u00e0 c\u1eeda<\/div>\n<\/li>\n<li><label>t\u00ean s\u1ea3n ph\u1ea9m<\/label>\n<div>Window Curtain Rail<\/div>\n<\/li>\n<li><label>T\u00ednh n\u0103ng<\/label>\n<div>Easy Installation<\/div>\n<\/li>\n<li><label>Phong c\u00e1ch<\/label>\n<div>European Style<\/div>\n<\/li>\n<li><label>Ch\u1ee9c n\u0103ng<\/label>\n<div>Easily Slide<\/div>\n<\/li>\n<\/ul>\n<h4>\u0110\u00f3ng g\u00f3i v\u00e0 giao h\u00e0ng<\/h4>\n<ul>\n<li><label>chi ti\u1ebft \u0111\u00f3ng g\u00f3i<\/label>\n<div>1.Track packing: Each curtain track in a plastic bag, 20pcs\/bundle with woven outside.<br \/>\n<br \/>2.Accessories in canton<\/div>\n<\/li>\n<li><label>H\u1ea3i c\u1ea3ng<\/label>\n<div>Ninh Ba\/Th\u01b0\u1ee3ng H\u1ea3i\/Th\u00e2m Quy\u1ebfn<\/div>\n<\/li>\n<\/ul>\n<h4>Kh\u1ea3 n\u0103ng cung c\u1ea5p<\/h4>\n<ul>\n<li><label>Kh\u1ea3 n\u0103ng cung c\u1ea5p<\/label>\n<div>20000 m\u00e9t \/ m\u00e9t m\u1ed7i th\u00e1ng<\/div>\n<\/li>\n<\/ul>\n<\/div>\n<p><div data-magic-global=\"%7B%22bizId%22%3A3210435406%2C%22pageId%22%3A21229708277%2C%22siteId%22%3A5005373107%7D\" id=\"detail_decorate_root\"><br \/>\n      <div module-id=\"33634088855\" module-title=\"detailSingleImage\" render=\"true\" class=\"J_module\"><div class=\"icbu-pc-images magic-0\"><div><div class=\"flex-layout-v\"><div class=\"flex-layout-h magic-0\"><div class=\"magic-1\"><img src=\"https:\/\/nbeasyway.com\/wp-content\/uploads\/aliexpress\/h5175047b0a0e4ad7a22e9513ef1a33acm.jpg\" usemap=\"#0-37-988-bb78\" class=\"magic-2\"\/><\/div><\/div><\/div><\/div><\/div><\/div><\/p>\n<p>      <div module-id=\"33634088856\" module-title=\"detailProductNavigation\" render=\"true\" class=\"J_module\"><div id=\"ali-anchor-AliMagic-mkie5p\" data-section=\"AliMagic-mkie5p\" data-section-title=\"Products Description\" class=\"magic-3\">M\u00f4 t\u1ea3 s\u1ea3n ph\u1ea9m<\/div><\/div><\/p>\n<p>      <div module-id=\"33634088857\" module-title=\"detailTableNoTitle\" render=\"true\" class=\"J_module\"><div class=\"ife-detail-decorate-table\"><table class=\"all magic-4\"><tbody><tr><td colspan=\"2\" rowspan=\"1\"><div class=\"magic-5\">Lo\u1ea1i s\u1ea3n ph\u1ea9m<\/div><\/td><td colspan=\"2\" rowspan=\"1\"><div class=\"magic-8\">Aluminum curtain rail<\/div><\/td><\/tr><tr><td colspan=\"2\" rowspan=\"1\"><div class=\"magic-5\">V\u1eadt li\u1ec7u<\/div><\/td><td colspan=\"2\" rowspan=\"1\"><div class=\"magic-8\">Nh\u00f4m<\/div><\/td><\/tr><tr><td colspan=\"2\" rowspan=\"1\"><div class=\"magic-5\">Chi\u1ec1u d\u00e0i<\/div><\/td><td colspan=\"2\" rowspan=\"1\"><div class=\"magic-8\">t\u00f9y ch\u1ec9nh<\/div><\/td><\/tr><tr><td colspan=\"2\" rowspan=\"1\"><div class=\"magic-5\">S\u1eed d\u1ee5ng chung<\/div><\/td><td colspan=\"2\" rowspan=\"1\"><div class=\"magic-8\">V\u0103n ph\u00f2ng, nh\u00e0, kh\u00e1ch s\u1ea1n, b\u1ec7nh vi\u1ec7n, nh\u00e0 h\u00e0ng<\/div><\/td><\/tr><tr><td colspan=\"2\" rowspan=\"1\"><div class=\"magic-5\">C\u00e0i \u0111\u1eb7t<\/div><\/td><td colspan=\"2\" rowspan=\"1\"><div class=\"magic-8\">Treo t\u01b0\u1eddng, g\u1eafn tr\u1ea7n<\/div><\/td><\/tr><tr><td colspan=\"2\" rowspan=\"1\"><div class=\"magic-5\">\u0111\u00f3ng g\u00f3i<\/div><\/td><td colspan=\"2\" rowspan=\"1\"><div class=\"magic-8\">Each curtain track in a plastic bag, 20pcs\/bundle with woven outside<\/div><\/td><\/tr><\/tbody><\/table><\/div><\/div><\/p>\n<p>      <div module-id=\"33634088858\" module-title=\"detailManyImage\" render=\"true\" class=\"J_module\"><div class=\"icbu-pc-detailManyImage magic-10\"><div class=\"magic-11\"><img src=\"https:\/\/nbeasyway.com\/wp-content\/uploads\/aliexpress\/h02a45e80852040959c3a27354f174bd2g.jpg\" class=\"magic-12\"\/><\/div><div class=\"magic-11\"><img src=\"https:\/\/nbeasyway.com\/wp-content\/uploads\/aliexpress\/haa45b4b9599148a380ee3988be1cb84al.jpg\" class=\"magic-12\"\/><\/div><div class=\"magic-11\"><img src=\"https:\/\/nbeasyway.com\/wp-content\/uploads\/aliexpress\/h87a036827e7d4761bc513093806431c6p.jpg\" class=\"magic-12\"\/><\/div><\/div><\/div><\/p>\n<p>      <div module-id=\"33634088859\" module-title=\"detailSingleImage\" render=\"true\" class=\"J_module\"><div class=\"icbu-pc-images magic-0\"><div><div class=\"flex-layout-v\"><div class=\"flex-layout-h magic-0\"><div class=\"magic-13\"><img src=\"https:\/\/nbeasyway.com\/wp-content\/uploads\/aliexpress\/hea1474d1449e48738f187618f545d275w.jpg\" class=\"magic-14\"\/><\/div><\/div><\/div><\/div><\/div><\/div><\/p>\n<p>      <div module-id=\"33634088860\" module-title=\"detailSingleImage\" render=\"true\" class=\"J_module\"><div class=\"icbu-pc-images magic-0\"><div><div class=\"flex-layout-v\"><div class=\"flex-layout-h magic-0\"><div class=\"magic-15\"><img src=\"https:\/\/nbeasyway.com\/wp-content\/uploads\/aliexpress\/h7980e415ddab43d7918a50f6d1e84b88s.jpg\" class=\"magic-16\"\/><\/div><\/div><\/div><\/div><\/div><\/div><\/p>\n<p><\/DIV><\/p>","protected":false},"excerpt":{"rendered":"<p>Key attributes Industry-specific attributes Design Style Modern Other attributes Place of Origin Zhejiang, China Type Single Brand Name bending curtain track Model Number Curtain track Curtain Poles, Tracks &#038; Accessories Type Curtain Tracks Material Metal Type Curtain Poles, Tracks &#038; Accessories Name aluminum curtain rail Color bronze\/ cooper\/ white or as required Material aluminum General Use window curtains home decoration Usage Window Curtain Home Decoration Product Name Window Curtain Rail Feature Easy Installation Style European Style Function Easily Slide Packaging and delivery Packaging Details 1.Track packing: Each curtain track in a plastic bag, 20pcs\/bundle with woven outside. 2.Accessories in canton Port Ningbo\/ Shanghai\/ Shenzhen Supply Ability Supply Ability 20000 Meter\/Meters per Month Products Description Product TypeAluminum curtain railMaterialAluminumLengthCustomizedGeneral UseOffice, home,hotel,hospital,restaurantInstallationWall mounted, Ceiling mountedPackingEach curtain track in a plastic bag, 20pcs\/bundle with woven outside<\/p>","protected":false},"featured_media":5196,"template":"","meta":{"site-sidebar-layout":"default","site-content-layout":"","ast-site-content-layout":"","site-content-style":"default","site-sidebar-style":"default","ast-global-header-display":"","ast-banner-title-visibility":"","ast-main-header-display":"","ast-hfb-above-header-display":"","ast-hfb-below-header-display":"","ast-hfb-mobile-header-display":"","site-post-title":"","ast-breadcrumbs-content":"","ast-featured-img":"","footer-sml-layout":"","theme-transparent-header-meta":"","adv-header-id-meta":"","stick-header-meta":"","header-above-stick-meta":"","header-main-stick-meta":"","header-below-stick-meta":"","astra-migrate-meta-layouts":"default","ast-page-background-enabled":"default","ast-page-background-meta":{"desktop":{"background-color":"","background-image":"","background-repeat":"repeat","background-position":"center center","background-size":"auto","background-attachment":"scroll","background-type":"","background-media":"","overlay-type":"","overlay-color":"","overlay-opacity":"","overlay-gradient":""},"tablet":{"background-color":"","background-image":"","background-repeat":"repeat","background-position":"center center","background-size":"auto","background-attachment":"scroll","background-type":"","background-media":"","overlay-type":"","overlay-color":"","overlay-opacity":"","overlay-gradient":""},"mobile":{"background-color":"","background-image":"","background-repeat":"repeat","background-position":"center center","background-size":"auto","background-attachment":"scroll","background-type":"","background-media":"","overlay-type":"","overlay-color":"","overlay-opacity":"","overlay-gradient":""}},"ast-content-background-meta":{"desktop":{"background-color":"var(--ast-global-color-5)","background-image":"","background-repeat":"repeat","background-position":"center center","background-size":"auto","background-attachment":"scroll","background-type":"","background-media":"","overlay-type":"","overlay-color":"","overlay-opacity":"","overlay-gradient":""},"tablet":{"background-color":"var(--ast-global-color-5)","background-image":"","background-repeat":"repeat","background-position":"center center","background-size":"auto","background-attachment":"scroll","background-type":"","background-media":"","overlay-type":"","overlay-color":"","overlay-opacity":"","overlay-gradient":""},"mobile":{"background-color":"var(--ast-global-color-5)","background-image":"","background-repeat":"repeat","background-position":"center center","background-size":"auto","background-attachment":"scroll","background-type":"","background-media":"","overlay-type":"","overlay-color":"","overlay-opacity":"","overlay-gradient":""}}},"product_brand":[],"product_cat":[80],"product_tag":[],"class_list":{"0":"post-6811","1":"product","2":"type-product","3":"status-publish","4":"has-post-thumbnail","6":"product_cat-aliminium-rail-series","7":"desktop-align-left","8":"tablet-align-left","9":"mobile-align-left","11":"first","12":"instock","13":"shipping-taxable","14":"product-type-simple"},"yoast_head":"<!-- This site is optimized with the Yoast SEO plugin v26.1.1 - https:\/\/yoast.com\/wordpress\/plugins\/seo\/ -->\n<title>High quality wooden color thin curtain aluminum rail flexible curtain rail curtain track - EasyWay<\/title>\n<meta name=\"robots\" content=\"index, follow, max-snippet:-1, max-image-preview:large, max-video-preview:-1\" \/>\n<link rel=\"canonical\" href=\"https:\/\/nbeasyway.com\/vi\/san-pham\/high-quality-wooden-color-thin-curtain-aluminum-rail-flexible-curtain-rail-curtain-track\/\" \/>\n<meta property=\"og:locale\" content=\"vi_VN\" \/>\n<meta property=\"og:type\" content=\"article\" \/>\n<meta property=\"og:title\" content=\"High quality wooden color thin curtain aluminum rail flexible curtain rail curtain track - EasyWay\" \/>\n<meta property=\"og:description\" content=\"Key attributes Industry-specific attributes Design Style Modern Other attributes Place of Origin Zhejiang, China Type Single Brand Name bending curtain track Model Number Curtain track Curtain Poles, Tracks &#038; Accessories Type Curtain Tracks Material Metal Type Curtain Poles, Tracks &#038; Accessories Name aluminum curtain rail Color bronze\/ cooper\/ white or as required Material aluminum General Use window curtains home decoration Usage Window Curtain Home Decoration Product Name Window Curtain Rail Feature Easy Installation Style European Style Function Easily Slide Packaging and delivery Packaging Details 1.Track packing: Each curtain track in a plastic bag, 20pcs\/bundle with woven outside. 2.Accessories in canton Port Ningbo\/ Shanghai\/ Shenzhen Supply Ability Supply Ability 20000 Meter\/Meters per Month Products Description Product TypeAluminum curtain railMaterialAluminumLengthCustomizedGeneral UseOffice, home,hotel,hospital,restaurantInstallationWall mounted, Ceiling mountedPackingEach curtain track in a plastic bag, 20pcs\/bundle with woven outside\" \/>\n<meta property=\"og:url\" content=\"https:\/\/nbeasyway.com\/vi\/san-pham\/high-quality-wooden-color-thin-curtain-aluminum-rail-flexible-curtain-rail-curtain-track\/\" \/>\n<meta property=\"og:site_name\" content=\"EasyWay\" \/>\n<meta property=\"article:modified_time\" content=\"2024-03-31T03:47:57+00:00\" \/>\n<meta property=\"og:image\" content=\"https:\/\/nbeasyway.com\/wp-content\/uploads\/aliexpress\/haa45b4b9599148a380ee3988be1cb84al.jpg\" \/>\n\t<meta property=\"og:image:width\" content=\"800\" \/>\n\t<meta property=\"og:image:height\" content=\"800\" \/>\n\t<meta property=\"og:image:type\" content=\"image\/jpeg\" \/>\n<meta name=\"twitter:card\" content=\"summary_large_image\" \/>\n<meta name=\"twitter:label1\" content=\"\u01af\u1edbc t\u00ednh th\u1eddi gian \u0111\u1ecdc\" \/>\n\t<meta name=\"twitter:data1\" content=\"1 ph\u00fat\" \/>\n<script type=\"application\/ld+json\" class=\"yoast-schema-graph\">{\"@context\":\"https:\/\/schema.org\",\"@graph\":[{\"@type\":\"WebPage\",\"@id\":\"https:\/\/nbeasyway.com\/product\/high-quality-wooden-color-thin-curtain-aluminum-rail-flexible-curtain-rail-curtain-track\/\",\"url\":\"https:\/\/nbeasyway.com\/product\/high-quality-wooden-color-thin-curtain-aluminum-rail-flexible-curtain-rail-curtain-track\/\",\"name\":\"High quality wooden color thin curtain aluminum rail flexible curtain rail curtain track - EasyWay\",\"isPartOf\":{\"@id\":\"https:\/\/nbeasyway.com\/#website\"},\"primaryImageOfPage\":{\"@id\":\"https:\/\/nbeasyway.com\/product\/high-quality-wooden-color-thin-curtain-aluminum-rail-flexible-curtain-rail-curtain-track\/#primaryimage\"},\"image\":{\"@id\":\"https:\/\/nbeasyway.com\/product\/high-quality-wooden-color-thin-curtain-aluminum-rail-flexible-curtain-rail-curtain-track\/#primaryimage\"},\"thumbnailUrl\":\"https:\/\/nbeasyway.com\/wp-content\/uploads\/aliexpress\/haa45b4b9599148a380ee3988be1cb84al.jpg\",\"datePublished\":\"2024-03-31T03:47:56+00:00\",\"dateModified\":\"2024-03-31T03:47:57+00:00\",\"breadcrumb\":{\"@id\":\"https:\/\/nbeasyway.com\/product\/high-quality-wooden-color-thin-curtain-aluminum-rail-flexible-curtain-rail-curtain-track\/#breadcrumb\"},\"inLanguage\":\"vi\",\"potentialAction\":[{\"@type\":\"ReadAction\",\"target\":[\"https:\/\/nbeasyway.com\/product\/high-quality-wooden-color-thin-curtain-aluminum-rail-flexible-curtain-rail-curtain-track\/\"]}]},{\"@type\":\"ImageObject\",\"inLanguage\":\"vi\",\"@id\":\"https:\/\/nbeasyway.com\/product\/high-quality-wooden-color-thin-curtain-aluminum-rail-flexible-curtain-rail-curtain-track\/#primaryimage\",\"url\":\"https:\/\/nbeasyway.com\/wp-content\/uploads\/aliexpress\/haa45b4b9599148a380ee3988be1cb84al.jpg\",\"contentUrl\":\"https:\/\/nbeasyway.com\/wp-content\/uploads\/aliexpress\/haa45b4b9599148a380ee3988be1cb84al.jpg\",\"width\":800,\"height\":800},{\"@type\":\"BreadcrumbList\",\"@id\":\"https:\/\/nbeasyway.com\/product\/high-quality-wooden-color-thin-curtain-aluminum-rail-flexible-curtain-rail-curtain-track\/#breadcrumb\",\"itemListElement\":[{\"@type\":\"ListItem\",\"position\":1,\"name\":\"Home\",\"item\":\"https:\/\/nbeasyway.com\/\"},{\"@type\":\"ListItem\",\"position\":2,\"name\":\"Products\",\"item\":\"https:\/\/nbeasyway.com\/products\/\"},{\"@type\":\"ListItem\",\"position\":3,\"name\":\"High quality wooden color thin curtain aluminum rail flexible curtain rail curtain track\"}]},{\"@type\":\"WebSite\",\"@id\":\"https:\/\/nbeasyway.com\/#website\",\"url\":\"https:\/\/nbeasyway.com\/\",\"name\":\"Q.G.S\",\"description\":\"Ningbo Easyway Import And Export Co., Ltd.\",\"publisher\":{\"@id\":\"https:\/\/nbeasyway.com\/#organization\"},\"potentialAction\":[{\"@type\":\"SearchAction\",\"target\":{\"@type\":\"EntryPoint\",\"urlTemplate\":\"https:\/\/nbeasyway.com\/?s={search_term_string}\"},\"query-input\":{\"@type\":\"PropertyValueSpecification\",\"valueRequired\":true,\"valueName\":\"search_term_string\"}}],\"inLanguage\":\"vi\"},{\"@type\":\"Organization\",\"@id\":\"https:\/\/nbeasyway.com\/#organization\",\"name\":\"Q.G.S\",\"url\":\"https:\/\/nbeasyway.com\/\",\"logo\":{\"@type\":\"ImageObject\",\"inLanguage\":\"vi\",\"@id\":\"https:\/\/nbeasyway.com\/#\/schema\/logo\/image\/\",\"url\":\"https:\/\/nbeasyway.com\/wp-content\/uploads\/2024\/03\/logo-electric-tools.png\",\"contentUrl\":\"https:\/\/nbeasyway.com\/wp-content\/uploads\/2024\/03\/logo-electric-tools.png\",\"width\":11090,\"height\":2459,\"caption\":\"Q.G.S\"},\"image\":{\"@id\":\"https:\/\/nbeasyway.com\/#\/schema\/logo\/image\/\"}}]}<\/script>\n<!-- \/ Yoast SEO plugin. -->","yoast_head_json":{"title":"High quality wooden color thin curtain aluminum rail flexible curtain rail curtain track - EasyWay","robots":{"index":"index","follow":"follow","max-snippet":"max-snippet:-1","max-image-preview":"max-image-preview:large","max-video-preview":"max-video-preview:-1"},"canonical":"https:\/\/nbeasyway.com\/vi\/san-pham\/high-quality-wooden-color-thin-curtain-aluminum-rail-flexible-curtain-rail-curtain-track\/","og_locale":"vi_VN","og_type":"article","og_title":"High quality wooden color thin curtain aluminum rail flexible curtain rail curtain track - EasyWay","og_description":"Key attributes Industry-specific attributes Design Style Modern Other attributes Place of Origin Zhejiang, China Type Single Brand Name bending curtain track Model Number Curtain track Curtain Poles, Tracks &#038; Accessories Type Curtain Tracks Material Metal Type Curtain Poles, Tracks &#038; Accessories Name aluminum curtain rail Color bronze\/ cooper\/ white or as required Material aluminum General Use window curtains home decoration Usage Window Curtain Home Decoration Product Name Window Curtain Rail Feature Easy Installation Style European Style Function Easily Slide Packaging and delivery Packaging Details 1.Track packing: Each curtain track in a plastic bag, 20pcs\/bundle with woven outside. 2.Accessories in canton Port Ningbo\/ Shanghai\/ Shenzhen Supply Ability Supply Ability 20000 Meter\/Meters per Month Products Description Product TypeAluminum curtain railMaterialAluminumLengthCustomizedGeneral UseOffice, home,hotel,hospital,restaurantInstallationWall mounted, Ceiling mountedPackingEach curtain track in a plastic bag, 20pcs\/bundle with woven outside","og_url":"https:\/\/nbeasyway.com\/vi\/san-pham\/high-quality-wooden-color-thin-curtain-aluminum-rail-flexible-curtain-rail-curtain-track\/","og_site_name":"EasyWay","article_modified_time":"2024-03-31T03:47:57+00:00","og_image":[{"width":800,"height":800,"url":"https:\/\/nbeasyway.com\/wp-content\/uploads\/aliexpress\/haa45b4b9599148a380ee3988be1cb84al.jpg","type":"image\/jpeg"}],"twitter_card":"summary_large_image","twitter_misc":{"\u01af\u1edbc t\u00ednh th\u1eddi gian \u0111\u1ecdc":"1 ph\u00fat"},"schema":{"@context":"https:\/\/schema.org","@graph":[{"@type":"WebPage","@id":"https:\/\/nbeasyway.com\/product\/high-quality-wooden-color-thin-curtain-aluminum-rail-flexible-curtain-rail-curtain-track\/","url":"https:\/\/nbeasyway.com\/product\/high-quality-wooden-color-thin-curtain-aluminum-rail-flexible-curtain-rail-curtain-track\/","name":"High quality wooden color thin curtain aluminum rail flexible curtain rail curtain track - EasyWay","isPartOf":{"@id":"https:\/\/nbeasyway.com\/#website"},"primaryImageOfPage":{"@id":"https:\/\/nbeasyway.com\/product\/high-quality-wooden-color-thin-curtain-aluminum-rail-flexible-curtain-rail-curtain-track\/#primaryimage"},"image":{"@id":"https:\/\/nbeasyway.com\/product\/high-quality-wooden-color-thin-curtain-aluminum-rail-flexible-curtain-rail-curtain-track\/#primaryimage"},"thumbnailUrl":"https:\/\/nbeasyway.com\/wp-content\/uploads\/aliexpress\/haa45b4b9599148a380ee3988be1cb84al.jpg","datePublished":"2024-03-31T03:47:56+00:00","dateModified":"2024-03-31T03:47:57+00:00","breadcrumb":{"@id":"https:\/\/nbeasyway.com\/product\/high-quality-wooden-color-thin-curtain-aluminum-rail-flexible-curtain-rail-curtain-track\/#breadcrumb"},"inLanguage":"vi","potentialAction":[{"@type":"ReadAction","target":["https:\/\/nbeasyway.com\/product\/high-quality-wooden-color-thin-curtain-aluminum-rail-flexible-curtain-rail-curtain-track\/"]}]},{"@type":"ImageObject","inLanguage":"vi","@id":"https:\/\/nbeasyway.com\/product\/high-quality-wooden-color-thin-curtain-aluminum-rail-flexible-curtain-rail-curtain-track\/#primaryimage","url":"https:\/\/nbeasyway.com\/wp-content\/uploads\/aliexpress\/haa45b4b9599148a380ee3988be1cb84al.jpg","contentUrl":"https:\/\/nbeasyway.com\/wp-content\/uploads\/aliexpress\/haa45b4b9599148a380ee3988be1cb84al.jpg","width":800,"height":800},{"@type":"BreadcrumbList","@id":"https:\/\/nbeasyway.com\/product\/high-quality-wooden-color-thin-curtain-aluminum-rail-flexible-curtain-rail-curtain-track\/#breadcrumb","itemListElement":[{"@type":"ListItem","position":1,"name":"Home","item":"https:\/\/nbeasyway.com\/"},{"@type":"ListItem","position":2,"name":"Products","item":"https:\/\/nbeasyway.com\/products\/"},{"@type":"ListItem","position":3,"name":"High quality wooden color thin curtain aluminum rail flexible curtain rail curtain track"}]},{"@type":"WebSite","@id":"https:\/\/nbeasyway.com\/#website","url":"https:\/\/nbeasyway.com\/","name":"Q.G.S","description":"Ningbo Easyway Import And Export Co., Ltd.","publisher":{"@id":"https:\/\/nbeasyway.com\/#organization"},"potentialAction":[{"@type":"SearchAction","target":{"@type":"EntryPoint","urlTemplate":"https:\/\/nbeasyway.com\/?s={search_term_string}"},"query-input":{"@type":"PropertyValueSpecification","valueRequired":true,"valueName":"search_term_string"}}],"inLanguage":"vi"},{"@type":"Organization","@id":"https:\/\/nbeasyway.com\/#organization","name":"Q.G.S","url":"https:\/\/nbeasyway.com\/","logo":{"@type":"ImageObject","inLanguage":"vi","@id":"https:\/\/nbeasyway.com\/#\/schema\/logo\/image\/","url":"https:\/\/nbeasyway.com\/wp-content\/uploads\/2024\/03\/logo-electric-tools.png","contentUrl":"https:\/\/nbeasyway.com\/wp-content\/uploads\/2024\/03\/logo-electric-tools.png","width":11090,"height":2459,"caption":"Q.G.S"},"image":{"@id":"https:\/\/nbeasyway.com\/#\/schema\/logo\/image\/"}}]}},"_links":{"self":[{"href":"https:\/\/nbeasyway.com\/vi\/wp-json\/wp\/v2\/product\/6811","targetHints":{"allow":["GET"]}}],"collection":[{"href":"https:\/\/nbeasyway.com\/vi\/wp-json\/wp\/v2\/product"}],"about":[{"href":"https:\/\/nbeasyway.com\/vi\/wp-json\/wp\/v2\/types\/product"}],"wp:featuredmedia":[{"embeddable":true,"href":"https:\/\/nbeasyway.com\/vi\/wp-json\/wp\/v2\/media\/5196"}],"wp:attachment":[{"href":"https:\/\/nbeasyway.com\/vi\/wp-json\/wp\/v2\/media?parent=6811"}],"wp:term":[{"taxonomy":"product_brand","embeddable":true,"href":"https:\/\/nbeasyway.com\/vi\/wp-json\/wp\/v2\/product_brand?post=6811"},{"taxonomy":"product_cat","embeddable":true,"href":"https:\/\/nbeasyway.com\/vi\/wp-json\/wp\/v2\/product_cat?post=6811"},{"taxonomy":"product_tag","embeddable":true,"href":"https:\/\/nbeasyway.com\/vi\/wp-json\/wp\/v2\/product_tag?post=6811"}],"curies":[{"name":"wp","href":"https:\/\/api.w.org\/{rel}","templated":true}]}}