{"id":6372,"date":"2024-03-31T02:19:31","date_gmt":"2024-03-31T02:19:31","guid":{"rendered":"https:\/\/nbeasyway.com\/products\/custom-length-color-12mm-16mm-19mm-22mm-25mm-28mm-diameter-curtain-accessories-metal-curtain-iron-pipes-poles-tubes-rods\/"},"modified":"2024-03-31T02:19:45","modified_gmt":"2024-03-31T02:19:45","slug":"custom-length-color-12mm-16mm-19mm-22mm-25mm-28mm-diameter-curtain-accessories-metal-curtain-iron-pipes-poles-tubes-rods","status":"publish","type":"product","link":"https:\/\/nbeasyway.com\/fr\/product\/custom-length-color-12mm-16mm-19mm-22mm-25mm-28mm-diameter-curtain-accessories-metal-curtain-iron-pipes-poles-tubes-rods\/","title":{"rendered":"Custom length Color 12mm 16mm 19mm 22mm 25mm 28mm diameter Curtain Accessories Metal Curtain Iron Pipes Poles Tubes Rods"},"content":{"rendered":"<div class=\"product-key-attributes\">\n<h3>Attributs cl\u00e9s<\/h3>\n<h4>Attributs sp\u00e9cifiques \u00e0 l&#039;industrie<\/h4>\n<ul>\n<li><label>Style de conception<\/label>\n<div>single<\/div>\n<\/li>\n<\/ul>\n<h4>Autres attributs<\/h4>\n<ul>\n<li><label>Lieu d&#039;origine<\/label>\n<div>Zhejiang, Chine<\/div>\n<\/li>\n<li><label>Taper<\/label>\n<div>C\u00e9libataire<\/div>\n<\/li>\n<li><label>Marque<\/label>\n<div>OEM<\/div>\n<\/li>\n<li><label>Num\u00e9ro de mod\u00e8le<\/label>\n<div>RA-POO5<\/div>\n<\/li>\n<li><label>Type de tringles \u00e0 rideaux, rails et accessoires<\/label>\n<div>Curtain Poles<\/div>\n<\/li>\n<li><label>Mat\u00e9riel<\/label>\n<div>iron<\/div>\n<\/li>\n<li><label>longueur<\/label>\n<div>customization, 1m-6m<\/div>\n<\/li>\n<li><label>pipe<\/label>\n<div>iron<\/div>\n<\/li>\n<li><label>final<\/label>\n<div>iron<\/div>\n<\/li>\n<li><label>bracket<\/label>\n<div>iron<\/div>\n<\/li>\n<li><label>ring<\/label>\n<div>iron<\/div>\n<\/li>\n<li><label>Style<\/label>\n<div>single<\/div>\n<\/li>\n<li><label>diameter<\/label>\n<div>12mm,16mm,19mm,22mm,25mm,28mm<\/div>\n<\/li>\n<li><label>color<\/label>\n<div>AB,AC,golden,silver,chrome,black,white,etc&#8230;<\/div>\n<\/li>\n<li><label>Nom du produit<\/label>\n<div>Metal Curtain Iron Pipes\/Poles\/Tubes\/Rods<\/div>\n<\/li>\n<li><label>Usage<\/label>\n<div>Accessoires Curtien<\/div>\n<\/li>\n<li><label>Application<\/label>\n<div>Maison. H\u00f4tel. H\u00f4pital. Caf\u00e9. Bureau.\u00c9cole<\/div>\n<\/li>\n<\/ul>\n<h4>Emballage et livraison<\/h4>\n<ul>\n<li><label>D\u00e9tails de l&#039;&#039; emballage<\/label>\n<div>OPP<\/div>\n<\/li>\n<\/ul>\n<h4>Capacit\u00e9 d&#039;approvisionnement<\/h4>\n<ul>\n<li><label>Capacit\u00e9 d&#039;approvisionnement<\/label>\n<div>1000000 Piece\/Pieces per   Month<\/div>\n<\/li>\n<\/ul>\n<\/div>\n<div class=\"product-customization\">\n<h3>Personnalisation<\/h3>\n<div>\n<div>\n<p>Logo personnalis\u00e9<\/p>\n<p><label>Min. commande:<\/label>500<\/p>\n<\/div>\n<div>\n<p>Emballage personnalis\u00e9<\/p>\n<p><label>Min. commande:<\/label>500<\/p>\n<\/div>\n<div>\n<p>Personnalisation graphique<\/p>\n<p><label>Min. commande:<\/label>500<\/p>\n<\/div>\n<\/div>\n<\/div>\n<p><div data-magic-global=\"%7B%22bizId%22%3A3210435406%2C%22pageId%22%3A21347329747%2C%22siteId%22%3A5005373107%7D\" id=\"detail_decorate_root\"><br \/>\n      <div module-id=\"36979784924\" module-title=\"detailSingleImage\" render=\"true\" class=\"J_module\"><div class=\"icbu-pc-images magic-0\"><div><div class=\"flex-layout-v\"><div class=\"flex-layout-h magic-0\"><div class=\"magic-1\"><img src=\"https:\/\/nbeasyway.com\/wp-content\/uploads\/aliexpress\/h5175047b0a0e4ad7a22e9513ef1a33acm.jpg\" usemap=\"#1-0e-13f-5204\" class=\"magic-2\"\/><\/div><\/div><\/div><\/div><\/div><\/div><\/p>\n<p>      <div module-id=\"36979784925\" module-title=\"detailTableNoTitle\" render=\"true\" class=\"J_module\"><div class=\"ife-detail-decorate-table\"><table class=\"all magic-3\"><tbody><tr><td colspan=\"1\" rowspan=\"1\"><div class=\"magic-4\">Mat\u00e9riel<\/div><\/td><td colspan=\"3\" rowspan=\"1\"><div class=\"magic-5\">iron<\/div><\/td><\/tr><tr><td colspan=\"1\" rowspan=\"1\"><div class=\"magic-4\">Taille<\/div><\/td><td colspan=\"3\" rowspan=\"1\"><div class=\"magic-5\">1m-6m customization<\/div><\/td><\/tr><tr><td colspan=\"1\" rowspan=\"1\"><div class=\"magic-4\">Couleur<\/div><\/td><td colspan=\"3\" rowspan=\"1\"><div class=\"magic-5\">AB,AC,golden\uff0csilver\uff0cchrome\uff0cblack\uff0cwhite\uff0cetc&hellip;<\/div><\/td><\/tr><tr><td colspan=\"1\" rowspan=\"1\"><div class=\"magic-4\">Quantit\u00e9 minimale de commande<\/div><\/td><td colspan=\"3\" rowspan=\"1\"><div class=\"magic-5\">50 Sets<\/div><\/td><\/tr><tr><td colspan=\"1\" rowspan=\"1\"><div class=\"magic-4\">Emballer<\/div><\/td><td colspan=\"3\" rowspan=\"1\"><div class=\"magic-5\">OPP<\/div><\/td><\/tr><\/tbody><\/table><\/div><\/div><\/p>\n<p>      <div module-id=\"36979784926\" module-title=\"detailManyImage\" render=\"true\" class=\"J_module\"><div class=\"icbu-pc-detailManyImage magic-9\"><div class=\"magic-10\"><img src=\"https:\/\/nbeasyway.com\/wp-content\/uploads\/aliexpress\/hd26f2530f1ed4464ab725b57440ee832m.jpg\" class=\"magic-11\"\/><\/div><div class=\"magic-10\"><img src=\"https:\/\/nbeasyway.com\/wp-content\/uploads\/aliexpress\/h0f819e092b1e49cfa08c8e7614996b1cr.jpg\" class=\"magic-11\"\/><\/div><\/div><\/div><\/p>\n<p>      <div module-id=\"36979784927\" module-title=\"detailTwoImages\" render=\"true\" class=\"J_module\"><div class=\"icbu-pc-images magic-0\"><div><div class=\"flex-layout-v\"><div class=\"flex-layout-h magic-0\"><div class=\"magic-12\"><a href=\"https:\/\/reven.en.alibaba.com\/contactinfo.html\" target=\"_blank\" rel=\"noopener\"><img src=\"https:\/\/nbeasyway.com\/wp-content\/uploads\/aliexpress\/h06e3d6daf5c34be5acf46d47224cb2fdf.png\" class=\"magic-13\"\/><\/a><\/div><div class=\"magic-14\"><a href=\"https:\/\/reven.en.alibaba.com\/contactinfo.html\" target=\"_blank\" rel=\"noopener\"><img src=\"https:\/\/nbeasyway.com\/wp-content\/uploads\/aliexpress\/ha021031a26bc47929ced95cf7e536140x.png\" class=\"magic-13\"\/><\/a><\/div><\/div><\/div><\/div><\/div><\/div><\/p>\n<p>      <div module-id=\"36979784928\" module-title=\"detailSingleImage\" render=\"true\" class=\"J_module\"><div class=\"icbu-pc-images magic-0\"><div><div class=\"flex-layout-v\"><div class=\"flex-layout-h magic-0\"><div class=\"magic-15\"><img src=\"https:\/\/nbeasyway.com\/wp-content\/uploads\/aliexpress\/hea1474d1449e48738f187618f545d275w.jpg\" class=\"magic-16\"\/><\/div><\/div><\/div><\/div><\/div><\/div><\/p>\n<p>      <div module-id=\"36979784929\" module-title=\"detailSingleImage\" render=\"true\" class=\"J_module\"><div class=\"icbu-pc-images magic-0\"><div><div class=\"flex-layout-v\"><div class=\"flex-layout-h magic-0\"><div class=\"magic-17\"><img src=\"https:\/\/nbeasyway.com\/wp-content\/uploads\/aliexpress\/h7980e415ddab43d7918a50f6d1e84b88s.jpg\" class=\"magic-18\"\/><\/div><\/div><\/div><\/div><\/div><\/div><\/p>\n<p><\/DIV><\/p>","protected":false},"excerpt":{"rendered":"<p>Key attributes Industry-specific attributes Design Style single Other attributes Place of Origin Zhejiang, China Type Single Brand Name OEM Model Number RA-POO5 Curtain Poles, Tracks &#038; Accessories Type Curtain Poles Material iron length customization, 1m-6m pipe iron final iron bracket iron ring iron Style single diameter 12mm,16mm,19mm,22mm,25mm,28mm color AB,AC,golden,silver,chrome,black,white,etc&#8230; Product Name Metal Curtain Iron Pipes\/Poles\/Tubes\/Rods Usage Curtian Accessories Application Home. Hotel. Hospital. Cafe. Office.School Packaging and delivery Packaging Details OPP Supply Ability Supply Ability 1000000 Piece\/Pieces per Month Customization Customized logo Min. order:500 Customized packaging Min. order:500 Graphic customization Min. order:500 MaterialironSize1m-6m customizationColorAB,AC,golden\uff0csilver\uff0cchrome\uff0cblack\uff0cwhite\uff0cetc&hellip;MOQ50 SetsPackageOPP<\/p>","protected":false},"featured_media":6371,"template":"","meta":{"site-sidebar-layout":"default","site-content-layout":"","ast-site-content-layout":"","site-content-style":"default","site-sidebar-style":"default","ast-global-header-display":"","ast-banner-title-visibility":"","ast-main-header-display":"","ast-hfb-above-header-display":"","ast-hfb-below-header-display":"","ast-hfb-mobile-header-display":"","site-post-title":"","ast-breadcrumbs-content":"","ast-featured-img":"","footer-sml-layout":"","theme-transparent-header-meta":"","adv-header-id-meta":"","stick-header-meta":"","header-above-stick-meta":"","header-main-stick-meta":"","header-below-stick-meta":"","astra-migrate-meta-layouts":"default","ast-page-background-enabled":"default","ast-page-background-meta":{"desktop":{"background-color":"","background-image":"","background-repeat":"repeat","background-position":"center center","background-size":"auto","background-attachment":"scroll","background-type":"","background-media":"","overlay-type":"","overlay-color":"","overlay-opacity":"","overlay-gradient":""},"tablet":{"background-color":"","background-image":"","background-repeat":"repeat","background-position":"center center","background-size":"auto","background-attachment":"scroll","background-type":"","background-media":"","overlay-type":"","overlay-color":"","overlay-opacity":"","overlay-gradient":""},"mobile":{"background-color":"","background-image":"","background-repeat":"repeat","background-position":"center center","background-size":"auto","background-attachment":"scroll","background-type":"","background-media":"","overlay-type":"","overlay-color":"","overlay-opacity":"","overlay-gradient":""}},"ast-content-background-meta":{"desktop":{"background-color":"var(--ast-global-color-5)","background-image":"","background-repeat":"repeat","background-position":"center center","background-size":"auto","background-attachment":"scroll","background-type":"","background-media":"","overlay-type":"","overlay-color":"","overlay-opacity":"","overlay-gradient":""},"tablet":{"background-color":"var(--ast-global-color-5)","background-image":"","background-repeat":"repeat","background-position":"center center","background-size":"auto","background-attachment":"scroll","background-type":"","background-media":"","overlay-type":"","overlay-color":"","overlay-opacity":"","overlay-gradient":""},"mobile":{"background-color":"var(--ast-global-color-5)","background-image":"","background-repeat":"repeat","background-position":"center center","background-size":"auto","background-attachment":"scroll","background-type":"","background-media":"","overlay-type":"","overlay-color":"","overlay-opacity":"","overlay-gradient":""}}},"product_brand":[],"product_cat":[87],"product_tag":[],"class_list":{"0":"post-6372","1":"product","2":"type-product","3":"status-publish","4":"has-post-thumbnail","6":"product_cat-iron-rail-series","7":"desktop-align-left","8":"tablet-align-left","9":"mobile-align-left","11":"first","12":"instock","13":"shipping-taxable","14":"product-type-simple"},"yoast_head":"<!-- This site is optimized with the Yoast SEO plugin v26.1.1 - https:\/\/yoast.com\/wordpress\/plugins\/seo\/ -->\n<title>Custom length Color 12mm 16mm 19mm 22mm 25mm 28mm diameter Curtain Accessories Metal Curtain Iron Pipes Poles Tubes Rods - EasyWay<\/title>\n<meta name=\"robots\" content=\"index, follow, max-snippet:-1, max-image-preview:large, max-video-preview:-1\" \/>\n<link rel=\"canonical\" href=\"https:\/\/nbeasyway.com\/fr\/produit\/custom-length-color-12mm-16mm-19mm-22mm-25mm-28mm-diameter-curtain-accessories-metal-curtain-iron-pipes-poles-tubes-rods\/\" \/>\n<meta property=\"og:locale\" content=\"fr_FR\" \/>\n<meta property=\"og:type\" content=\"article\" \/>\n<meta property=\"og:title\" content=\"Custom length Color 12mm 16mm 19mm 22mm 25mm 28mm diameter Curtain Accessories Metal Curtain Iron Pipes Poles Tubes Rods - EasyWay\" \/>\n<meta property=\"og:description\" content=\"Key attributes Industry-specific attributes Design Style single Other attributes Place of Origin Zhejiang, China Type Single Brand Name OEM Model Number RA-POO5 Curtain Poles, Tracks &#038; Accessories Type Curtain Poles Material iron length customization, 1m-6m pipe iron final iron bracket iron ring iron Style single diameter 12mm,16mm,19mm,22mm,25mm,28mm color AB,AC,golden,silver,chrome,black,white,etc&#8230; Product Name Metal Curtain Iron Pipes\/Poles\/Tubes\/Rods Usage Curtian Accessories Application Home. Hotel. Hospital. Cafe. Office.School Packaging and delivery Packaging Details OPP Supply Ability Supply Ability 1000000 Piece\/Pieces per Month Customization Customized logo Min. order:500 Customized packaging Min. order:500 Graphic customization Min. order:500 MaterialironSize1m-6m customizationColorAB,AC,golden\uff0csilver\uff0cchrome\uff0cblack\uff0cwhite\uff0cetc&hellip;MOQ50 SetsPackageOPP\" \/>\n<meta property=\"og:url\" content=\"https:\/\/nbeasyway.com\/fr\/produit\/custom-length-color-12mm-16mm-19mm-22mm-25mm-28mm-diameter-curtain-accessories-metal-curtain-iron-pipes-poles-tubes-rods\/\" \/>\n<meta property=\"og:site_name\" content=\"EasyWay\" \/>\n<meta property=\"article:modified_time\" content=\"2024-03-31T02:19:45+00:00\" \/>\n<meta property=\"og:image\" content=\"https:\/\/nbeasyway.com\/wp-content\/uploads\/2024\/03\/hb73c58de8c0846e7aa0a101908e01b6br.jpg\" \/>\n\t<meta property=\"og:image:width\" content=\"750\" \/>\n\t<meta property=\"og:image:height\" content=\"750\" \/>\n\t<meta property=\"og:image:type\" content=\"image\/jpeg\" \/>\n<meta name=\"twitter:card\" content=\"summary_large_image\" \/>\n<meta name=\"twitter:label1\" content=\"Dur\u00e9e de lecture estim\u00e9e\" \/>\n\t<meta name=\"twitter:data1\" content=\"1 minute\" \/>\n<script type=\"application\/ld+json\" class=\"yoast-schema-graph\">{\"@context\":\"https:\/\/schema.org\",\"@graph\":[{\"@type\":\"WebPage\",\"@id\":\"https:\/\/nbeasyway.com\/product\/custom-length-color-12mm-16mm-19mm-22mm-25mm-28mm-diameter-curtain-accessories-metal-curtain-iron-pipes-poles-tubes-rods\/\",\"url\":\"https:\/\/nbeasyway.com\/product\/custom-length-color-12mm-16mm-19mm-22mm-25mm-28mm-diameter-curtain-accessories-metal-curtain-iron-pipes-poles-tubes-rods\/\",\"name\":\"Custom length Color 12mm 16mm 19mm 22mm 25mm 28mm diameter Curtain Accessories Metal Curtain Iron Pipes Poles Tubes Rods - EasyWay\",\"isPartOf\":{\"@id\":\"https:\/\/nbeasyway.com\/#website\"},\"primaryImageOfPage\":{\"@id\":\"https:\/\/nbeasyway.com\/product\/custom-length-color-12mm-16mm-19mm-22mm-25mm-28mm-diameter-curtain-accessories-metal-curtain-iron-pipes-poles-tubes-rods\/#primaryimage\"},\"image\":{\"@id\":\"https:\/\/nbeasyway.com\/product\/custom-length-color-12mm-16mm-19mm-22mm-25mm-28mm-diameter-curtain-accessories-metal-curtain-iron-pipes-poles-tubes-rods\/#primaryimage\"},\"thumbnailUrl\":\"https:\/\/nbeasyway.com\/wp-content\/uploads\/2024\/03\/hb73c58de8c0846e7aa0a101908e01b6br.jpg\",\"datePublished\":\"2024-03-31T02:19:31+00:00\",\"dateModified\":\"2024-03-31T02:19:45+00:00\",\"breadcrumb\":{\"@id\":\"https:\/\/nbeasyway.com\/product\/custom-length-color-12mm-16mm-19mm-22mm-25mm-28mm-diameter-curtain-accessories-metal-curtain-iron-pipes-poles-tubes-rods\/#breadcrumb\"},\"inLanguage\":\"fr-FR\",\"potentialAction\":[{\"@type\":\"ReadAction\",\"target\":[\"https:\/\/nbeasyway.com\/product\/custom-length-color-12mm-16mm-19mm-22mm-25mm-28mm-diameter-curtain-accessories-metal-curtain-iron-pipes-poles-tubes-rods\/\"]}]},{\"@type\":\"ImageObject\",\"inLanguage\":\"fr-FR\",\"@id\":\"https:\/\/nbeasyway.com\/product\/custom-length-color-12mm-16mm-19mm-22mm-25mm-28mm-diameter-curtain-accessories-metal-curtain-iron-pipes-poles-tubes-rods\/#primaryimage\",\"url\":\"https:\/\/nbeasyway.com\/wp-content\/uploads\/2024\/03\/hb73c58de8c0846e7aa0a101908e01b6br.jpg\",\"contentUrl\":\"https:\/\/nbeasyway.com\/wp-content\/uploads\/2024\/03\/hb73c58de8c0846e7aa0a101908e01b6br.jpg\",\"width\":750,\"height\":750},{\"@type\":\"BreadcrumbList\",\"@id\":\"https:\/\/nbeasyway.com\/product\/custom-length-color-12mm-16mm-19mm-22mm-25mm-28mm-diameter-curtain-accessories-metal-curtain-iron-pipes-poles-tubes-rods\/#breadcrumb\",\"itemListElement\":[{\"@type\":\"ListItem\",\"position\":1,\"name\":\"Home\",\"item\":\"https:\/\/nbeasyway.com\/\"},{\"@type\":\"ListItem\",\"position\":2,\"name\":\"Products\",\"item\":\"https:\/\/nbeasyway.com\/products\/\"},{\"@type\":\"ListItem\",\"position\":3,\"name\":\"Custom length Color 12mm 16mm 19mm 22mm 25mm 28mm diameter Curtain Accessories Metal Curtain Iron Pipes Poles Tubes Rods\"}]},{\"@type\":\"WebSite\",\"@id\":\"https:\/\/nbeasyway.com\/#website\",\"url\":\"https:\/\/nbeasyway.com\/\",\"name\":\"Q.G.S\",\"description\":\"Ningbo Easyway Import And Export Co., Ltd.\",\"publisher\":{\"@id\":\"https:\/\/nbeasyway.com\/#organization\"},\"potentialAction\":[{\"@type\":\"SearchAction\",\"target\":{\"@type\":\"EntryPoint\",\"urlTemplate\":\"https:\/\/nbeasyway.com\/?s={search_term_string}\"},\"query-input\":{\"@type\":\"PropertyValueSpecification\",\"valueRequired\":true,\"valueName\":\"search_term_string\"}}],\"inLanguage\":\"fr-FR\"},{\"@type\":\"Organization\",\"@id\":\"https:\/\/nbeasyway.com\/#organization\",\"name\":\"Q.G.S\",\"url\":\"https:\/\/nbeasyway.com\/\",\"logo\":{\"@type\":\"ImageObject\",\"inLanguage\":\"fr-FR\",\"@id\":\"https:\/\/nbeasyway.com\/#\/schema\/logo\/image\/\",\"url\":\"https:\/\/nbeasyway.com\/wp-content\/uploads\/2024\/03\/logo-electric-tools.png\",\"contentUrl\":\"https:\/\/nbeasyway.com\/wp-content\/uploads\/2024\/03\/logo-electric-tools.png\",\"width\":11090,\"height\":2459,\"caption\":\"Q.G.S\"},\"image\":{\"@id\":\"https:\/\/nbeasyway.com\/#\/schema\/logo\/image\/\"}}]}<\/script>\n<!-- \/ Yoast SEO plugin. -->","yoast_head_json":{"title":"Custom length Color 12mm 16mm 19mm 22mm 25mm 28mm diameter Curtain Accessories Metal Curtain Iron Pipes Poles Tubes Rods - EasyWay","robots":{"index":"index","follow":"follow","max-snippet":"max-snippet:-1","max-image-preview":"max-image-preview:large","max-video-preview":"max-video-preview:-1"},"canonical":"https:\/\/nbeasyway.com\/fr\/produit\/custom-length-color-12mm-16mm-19mm-22mm-25mm-28mm-diameter-curtain-accessories-metal-curtain-iron-pipes-poles-tubes-rods\/","og_locale":"fr_FR","og_type":"article","og_title":"Custom length Color 12mm 16mm 19mm 22mm 25mm 28mm diameter Curtain Accessories Metal Curtain Iron Pipes Poles Tubes Rods - EasyWay","og_description":"Key attributes Industry-specific attributes Design Style single Other attributes Place of Origin Zhejiang, China Type Single Brand Name OEM Model Number RA-POO5 Curtain Poles, Tracks &#038; Accessories Type Curtain Poles Material iron length customization, 1m-6m pipe iron final iron bracket iron ring iron Style single diameter 12mm,16mm,19mm,22mm,25mm,28mm color AB,AC,golden,silver,chrome,black,white,etc&#8230; Product Name Metal Curtain Iron Pipes\/Poles\/Tubes\/Rods Usage Curtian Accessories Application Home. Hotel. Hospital. Cafe. Office.School Packaging and delivery Packaging Details OPP Supply Ability Supply Ability 1000000 Piece\/Pieces per Month Customization Customized logo Min. order:500 Customized packaging Min. order:500 Graphic customization Min. order:500 MaterialironSize1m-6m customizationColorAB,AC,golden\uff0csilver\uff0cchrome\uff0cblack\uff0cwhite\uff0cetc&hellip;MOQ50 SetsPackageOPP","og_url":"https:\/\/nbeasyway.com\/fr\/produit\/custom-length-color-12mm-16mm-19mm-22mm-25mm-28mm-diameter-curtain-accessories-metal-curtain-iron-pipes-poles-tubes-rods\/","og_site_name":"EasyWay","article_modified_time":"2024-03-31T02:19:45+00:00","og_image":[{"width":750,"height":750,"url":"https:\/\/nbeasyway.com\/wp-content\/uploads\/2024\/03\/hb73c58de8c0846e7aa0a101908e01b6br.jpg","type":"image\/jpeg"}],"twitter_card":"summary_large_image","twitter_misc":{"Dur\u00e9e de lecture estim\u00e9e":"1 minute"},"schema":{"@context":"https:\/\/schema.org","@graph":[{"@type":"WebPage","@id":"https:\/\/nbeasyway.com\/product\/custom-length-color-12mm-16mm-19mm-22mm-25mm-28mm-diameter-curtain-accessories-metal-curtain-iron-pipes-poles-tubes-rods\/","url":"https:\/\/nbeasyway.com\/product\/custom-length-color-12mm-16mm-19mm-22mm-25mm-28mm-diameter-curtain-accessories-metal-curtain-iron-pipes-poles-tubes-rods\/","name":"Custom length Color 12mm 16mm 19mm 22mm 25mm 28mm diameter Curtain Accessories Metal Curtain Iron Pipes Poles Tubes Rods - EasyWay","isPartOf":{"@id":"https:\/\/nbeasyway.com\/#website"},"primaryImageOfPage":{"@id":"https:\/\/nbeasyway.com\/product\/custom-length-color-12mm-16mm-19mm-22mm-25mm-28mm-diameter-curtain-accessories-metal-curtain-iron-pipes-poles-tubes-rods\/#primaryimage"},"image":{"@id":"https:\/\/nbeasyway.com\/product\/custom-length-color-12mm-16mm-19mm-22mm-25mm-28mm-diameter-curtain-accessories-metal-curtain-iron-pipes-poles-tubes-rods\/#primaryimage"},"thumbnailUrl":"https:\/\/nbeasyway.com\/wp-content\/uploads\/2024\/03\/hb73c58de8c0846e7aa0a101908e01b6br.jpg","datePublished":"2024-03-31T02:19:31+00:00","dateModified":"2024-03-31T02:19:45+00:00","breadcrumb":{"@id":"https:\/\/nbeasyway.com\/product\/custom-length-color-12mm-16mm-19mm-22mm-25mm-28mm-diameter-curtain-accessories-metal-curtain-iron-pipes-poles-tubes-rods\/#breadcrumb"},"inLanguage":"fr-FR","potentialAction":[{"@type":"ReadAction","target":["https:\/\/nbeasyway.com\/product\/custom-length-color-12mm-16mm-19mm-22mm-25mm-28mm-diameter-curtain-accessories-metal-curtain-iron-pipes-poles-tubes-rods\/"]}]},{"@type":"ImageObject","inLanguage":"fr-FR","@id":"https:\/\/nbeasyway.com\/product\/custom-length-color-12mm-16mm-19mm-22mm-25mm-28mm-diameter-curtain-accessories-metal-curtain-iron-pipes-poles-tubes-rods\/#primaryimage","url":"https:\/\/nbeasyway.com\/wp-content\/uploads\/2024\/03\/hb73c58de8c0846e7aa0a101908e01b6br.jpg","contentUrl":"https:\/\/nbeasyway.com\/wp-content\/uploads\/2024\/03\/hb73c58de8c0846e7aa0a101908e01b6br.jpg","width":750,"height":750},{"@type":"BreadcrumbList","@id":"https:\/\/nbeasyway.com\/product\/custom-length-color-12mm-16mm-19mm-22mm-25mm-28mm-diameter-curtain-accessories-metal-curtain-iron-pipes-poles-tubes-rods\/#breadcrumb","itemListElement":[{"@type":"ListItem","position":1,"name":"Home","item":"https:\/\/nbeasyway.com\/"},{"@type":"ListItem","position":2,"name":"Products","item":"https:\/\/nbeasyway.com\/products\/"},{"@type":"ListItem","position":3,"name":"Custom length Color 12mm 16mm 19mm 22mm 25mm 28mm diameter Curtain Accessories Metal Curtain Iron Pipes Poles Tubes Rods"}]},{"@type":"WebSite","@id":"https:\/\/nbeasyway.com\/#website","url":"https:\/\/nbeasyway.com\/","name":"Q.G.S","description":"Ningbo Easyway Import And Export Co., Ltd.","publisher":{"@id":"https:\/\/nbeasyway.com\/#organization"},"potentialAction":[{"@type":"SearchAction","target":{"@type":"EntryPoint","urlTemplate":"https:\/\/nbeasyway.com\/?s={search_term_string}"},"query-input":{"@type":"PropertyValueSpecification","valueRequired":true,"valueName":"search_term_string"}}],"inLanguage":"fr-FR"},{"@type":"Organization","@id":"https:\/\/nbeasyway.com\/#organization","name":"Q.G.S","url":"https:\/\/nbeasyway.com\/","logo":{"@type":"ImageObject","inLanguage":"fr-FR","@id":"https:\/\/nbeasyway.com\/#\/schema\/logo\/image\/","url":"https:\/\/nbeasyway.com\/wp-content\/uploads\/2024\/03\/logo-electric-tools.png","contentUrl":"https:\/\/nbeasyway.com\/wp-content\/uploads\/2024\/03\/logo-electric-tools.png","width":11090,"height":2459,"caption":"Q.G.S"},"image":{"@id":"https:\/\/nbeasyway.com\/#\/schema\/logo\/image\/"}}]}},"_links":{"self":[{"href":"https:\/\/nbeasyway.com\/fr\/wp-json\/wp\/v2\/product\/6372","targetHints":{"allow":["GET"]}}],"collection":[{"href":"https:\/\/nbeasyway.com\/fr\/wp-json\/wp\/v2\/product"}],"about":[{"href":"https:\/\/nbeasyway.com\/fr\/wp-json\/wp\/v2\/types\/product"}],"wp:featuredmedia":[{"embeddable":true,"href":"https:\/\/nbeasyway.com\/fr\/wp-json\/wp\/v2\/media\/6371"}],"wp:attachment":[{"href":"https:\/\/nbeasyway.com\/fr\/wp-json\/wp\/v2\/media?parent=6372"}],"wp:term":[{"taxonomy":"product_brand","embeddable":true,"href":"https:\/\/nbeasyway.com\/fr\/wp-json\/wp\/v2\/product_brand?post=6372"},{"taxonomy":"product_cat","embeddable":true,"href":"https:\/\/nbeasyway.com\/fr\/wp-json\/wp\/v2\/product_cat?post=6372"},{"taxonomy":"product_tag","embeddable":true,"href":"https:\/\/nbeasyway.com\/fr\/wp-json\/wp\/v2\/product_tag?post=6372"}],"curies":[{"name":"wp","href":"https:\/\/api.w.org\/{rel}","templated":true}]}}